{"id":9,"date":"2021-08-28T10:45:33","date_gmt":"2021-08-28T08:45:33","guid":{"rendered":"http:\/\/mariage-amaryllia-nicolas.fr\/?page_id=9"},"modified":"2021-08-28T14:10:38","modified_gmt":"2021-08-28T12:10:38","slug":"programme-de-la-journee","status":"publish","type":"page","link":"https:\/\/mariage-amaryllia-nicolas.fr\/?page_id=9","title":{"rendered":"Programme de la journ\u00e9e"},"content":{"rendered":"\n<div class=\"wp-block-group\"><div class=\"wp-block-group__inner-container\">\n<div class=\"wp-block-image is-style-rounded\"><figure class=\"aligncenter size-large is-resized\"><img loading=\"lazy\" src=\"http:\/\/mariage-amaryllia-nicolas.fr\/wp-content\/uploads\/2021\/08\/mairie-la-remaudie\u0300re.jpg\" alt=\"Mairie la Remaudie\u0300re\" class=\"wp-image-74\" width=\"422\" height=\"381\"\/><\/figure><\/div>\n\n\n\n<blockquote class=\"wp-block-quote has-text-align-center is-style-large\"><p>Rendez-vous \u00e0 10h \u00e0 la Mairie de La Remaudi\u00e8re pour la c\u00e9r\u00e9monie civile<\/p><\/blockquote>\n\n\n\n<hr class=\"wp-block-separator is-style-dots\"\/>\n<\/div><\/div>\n\n\n\n<div class=\"wp-block-group\"><div class=\"wp-block-group__inner-container\">\n<div class=\"wp-block-image is-style-rounded\"><figure class=\"aligncenter size-large is-resized\"><img loading=\"lazy\" src=\"http:\/\/mariage-amaryllia-nicolas.fr\/wp-content\/uploads\/2021\/08\/eglise-la-remaudie\u0300re-683x1024.jpg\" alt=\"Eglise la Remaudie\u0300re\" class=\"wp-image-72\" width=\"378\" height=\"470\"\/><\/figure><\/div>\n\n\n\n<blockquote class=\"wp-block-quote has-text-align-center is-style-large\"><p>Nous poursuivrons avec la c\u00e9r\u00e9monie religieuse \u00e0 l&#8217;\u00e9glise Saint Martin de La Remaudi\u00e8re vers 10h30<\/p><\/blockquote>\n\n\n\n<hr class=\"wp-block-separator is-style-dots\"\/>\n\n\n\n<div class=\"wp-block-group\"><div class=\"wp-block-group__inner-container\">\n<div class=\"wp-block-image is-style-rounded\"><figure class=\"aligncenter size-large is-resized\"><img loading=\"lazy\" src=\"http:\/\/mariage-amaryllia-nicolas.fr\/wp-content\/uploads\/2021\/08\/sans-portail-1024x683.jpg\" alt=\"Domaine de marie journ\u00e9e\" class=\"wp-image-57\" width=\"503\" height=\"331\"\/><\/figure><\/div>\n\n\n\n<blockquote class=\"wp-block-quote has-text-align-center is-style-large\"><p>Nous vous invitons ensuite \u00e0 nous suivre pour le vin d&#8217;honneur qui aura lieu au Domaine de Marie \u00e0 la Boissi\u00e8re sur Evre vers 12h<\/p><\/blockquote>\n<\/div><\/div>\n\n\n\n<hr class=\"wp-block-separator is-style-dots\"\/>\n<\/div><\/div>\n\n\n\n<div class=\"wp-block-group\"><div class=\"wp-block-group__inner-container\">\n<div class=\"wp-block-image is-style-rounded\"><figure class=\"aligncenter size-large is-resized\"><img loading=\"lazy\" src=\"http:\/\/mariage-amaryllia-nicolas.fr\/wp-content\/uploads\/2021\/08\/salle-domaine-de-marie-1024x682.jpg\" alt=\"Salle Domaine de Marie\" class=\"wp-image-75\" width=\"518\" height=\"456\"\/><\/figure><\/div>\n\n\n\n<blockquote class=\"wp-block-quote has-text-align-center is-style-large\"><p>Nous y poursuivrons les festivit\u00e9s avec un d\u00e9licieux repas puis nous danserons jusqu&#8217;au bout de la nuit<\/p><\/blockquote>\n\n\n\n<hr class=\"wp-block-separator is-style-dots\"\/>\n<\/div><\/div>\n\n\n\n<p><\/p>\n","protected":false},"excerpt":{"rendered":"","protected":false},"author":2,"featured_media":0,"parent":0,"menu_order":0,"comment_status":"closed","ping_status":"closed","template":"","meta":[],"_links":{"self":[{"href":"https:\/\/mariage-amaryllia-nicolas.fr\/index.php?rest_route=\/wp\/v2\/pages\/9"}],"collection":[{"href":"https:\/\/mariage-amaryllia-nicolas.fr\/index.php?rest_route=\/wp\/v2\/pages"}],"about":[{"href":"https:\/\/mariage-amaryllia-nicolas.fr\/index.php?rest_route=\/wp\/v2\/types\/page"}],"author":[{"embeddable":true,"href":"https:\/\/mariage-amaryllia-nicolas.fr\/index.php?rest_route=\/wp\/v2\/users\/2"}],"replies":[{"embeddable":true,"href":"https:\/\/mariage-amaryllia-nicolas.fr\/index.php?rest_route=%2Fwp%2Fv2%2Fcomments&post=9"}],"version-history":[{"count":10,"href":"https:\/\/mariage-amaryllia-nicolas.fr\/index.php?rest_route=\/wp\/v2\/pages\/9\/revisions"}],"predecessor-version":[{"id":85,"href":"https:\/\/mariage-amaryllia-nicolas.fr\/index.php?rest_route=\/wp\/v2\/pages\/9\/revisions\/85"}],"wp:attachment":[{"href":"https:\/\/mariage-amaryllia-nicolas.fr\/index.php?rest_route=%2Fwp%2Fv2%2Fmedia&parent=9"}],"curies":[{"name":"wp","href":"https:\/\/api.w.org\/{rel}","templated":true}]}}